{"id":115,"date":"2021-05-04T00:48:36","date_gmt":"2021-05-03T22:48:36","guid":{"rendered":"http:\/\/vcp-finkenwerder.de\/?page_id=115"},"modified":"2021-05-04T00:50:05","modified_gmt":"2021-05-03T22:50:05","slug":"stammesgeschichte","status":"publish","type":"page","link":"http:\/\/vcp-finkenwerder.de\/?page_id=115","title":{"rendered":"Stammesgeschichte"},"content":{"rendered":"\n<p><strong>Kapitel I \u2013 Der Anfang<\/strong><\/p>\n\n\n\n<p>Es war einmal im sch\u00f6nen Neuenfelde, da beschloss der in der Kirchengemeinde t\u00e4tige Diakon \u201eMax\u201c eine Pfadfindergruppe zu gr\u00fcnden, da er selber lange Jahre Pfadfinder war und diese Art der Jugendarbeit weitergeben wollte. Da er wollte, dass die Gruppe Anschluss an einen gr\u00f6sseren Pfadfinderbund hat und das Ganze auch irgendwie christlich sein sollte beschloss er die Gruppe dem VCP unterzuordnen. So entstand die VCP-Siedlung Neuenfelde.<\/p>\n\n\n\n<p>Diese neue Gruppe in der Gemeinde bestand in erster Linie aus Ausgestossenen und Andersartigen und wurde in der Gemeinde Aufgrund der Kluft nur als \u201eDie Trachtengruppe\u201c bezeichnet.<\/p>\n\n\n\n<p>Man verbrachte ein paar Jahre in der Gemeinde ohne dass die Gruppe nennenswerten Zuwachs bekommen h\u00e4tte und fuhr hin und wieder auf ein meist kleines Lager. Irgendwann zu der Zeit begab es sich dann, dass die Kirchengemeinde beschloss den Diakon zu wechseln. Da die Pfadfinder sehr an diesem Diakon hingen beschlossen sie in den Widerstand zu gehen und zu rebellieren. Am Ende aber konnte man das Unvermeidbare nicht abwenden und der Diakon musste gehen.<\/p>\n\n\n\n<p>Da dies im \u00dcbrigen aber kein M\u00e4rchen ist und die Neuenfelder Kirchengemeinde auch nicht wirklich sch\u00f6n, beschloss die Gruppe sich von Neuenfelde zu entfernen.<\/p>\n\n\n\n<p>Da traf es sich gut, dass einer der tapferen Recken Kontakte zum in Finkenwerder ans\u00e4ssigen \u201eF\u00f6rderkreis Haus der Jugend e.V.\u201c besa\u00df und dort auch schon von den Pfadfindern erz\u00e4hlt hatte. Also machte man sich auf die \u201eMS Altenwerder\u201c zu entern. Man verabschiedete sich von der Kirchengemeinde, die reichlich froh war die Entermesser schwingenden Pfadfinder los zu sein und gut auf deren \u201elancelotischen Stil\u201c (eine Hommage an \u201eRitter der Kokosnuss\u201c) verzichten konnte.<\/p>\n\n\n\n<p>So hatte der Stamm nun vom Kirchenschiff auf ein richtiges Schiff verholt und sp\u00fcrte wieder frischen Wind in den Segeln. Fortan arbeitete man daran mit das Schiff weiter auf Vordermann zu bringen, da es zu diesem Zeitpunkt einer gro\u00dfen Baustelle glich. Ohne Diakon suchte man nun auch verst\u00e4rkt Kontakt zum Landesverband des VCP und bekam durch den Bildungsreferenten Nachhilfe in pfadfinderischer Arbeit. Diese sehr gute Arbeit wurde bald von zwei anderen tapferen Recken \u00fcbernommen, da einigen Leuten im VCP Hamburg die Arbeit des Bildungsreferenten nicht gefiel und auch dieser gehen musste.<\/p>\n\n\n\n<p>Auf dem ersten Thing, am 12.10.2003, beschloss der Stamm sich den Namen \u201eKlaus St\u00f6rtebeker Finkenwerder\u201c zu geben. Ungef\u00e4hr zur gleichen Zeit begann auch die aktive Kinderarbeit des Stammes auf der Altenwerder. Endlich hatte der Stamm richtig Wasser unter\u2019m Kiel&#8230;.<\/p>\n\n\n\n<p>Wer Rechtschreibfehler findet, darf sie behalten und sammeln bis sie ein L\u00f6sungswort ergeben.<\/p>\n\n\n\n<p>\u00a9 2004 KSF<\/p>\n","protected":false},"excerpt":{"rendered":"<p>Kapitel I \u2013 Der Anfang Es war einmal im sch\u00f6nen Neuenfelde, da beschloss der in der Kirchengemeinde t\u00e4tige Diakon \u201eMax\u201c eine Pfadfindergruppe zu gr\u00fcnden, da er selber lange Jahre Pfadfinder war und diese Art der Jugendarbeit weitergeben wollte. Da er wollte, dass die Gruppe Anschluss an einen gr\u00f6sseren Pfadfinderbund hat und das Ganze auch irgendwie &hellip; <\/p>\n<p class=\"link-more\"><a href=\"http:\/\/vcp-finkenwerder.de\/?page_id=115\" class=\"more-link\"><span class=\"screen-reader-text\">\u201eStammesgeschichte\u201c<\/span> weiterlesen<\/a><\/p>\n","protected":false},"author":1,"featured_media":0,"parent":0,"menu_order":0,"comment_status":"closed","ping_status":"closed","template":"","meta":{"footnotes":""},"class_list":["post-115","page","type-page","status-publish","hentry"],"_links":{"self":[{"href":"http:\/\/vcp-finkenwerder.de\/index.php?rest_route=\/wp\/v2\/pages\/115","targetHints":{"allow":["GET"]}}],"collection":[{"href":"http:\/\/vcp-finkenwerder.de\/index.php?rest_route=\/wp\/v2\/pages"}],"about":[{"href":"http:\/\/vcp-finkenwerder.de\/index.php?rest_route=\/wp\/v2\/types\/page"}],"author":[{"embeddable":true,"href":"http:\/\/vcp-finkenwerder.de\/index.php?rest_route=\/wp\/v2\/users\/1"}],"replies":[{"embeddable":true,"href":"http:\/\/vcp-finkenwerder.de\/index.php?rest_route=%2Fwp%2Fv2%2Fcomments&post=115"}],"version-history":[{"count":2,"href":"http:\/\/vcp-finkenwerder.de\/index.php?rest_route=\/wp\/v2\/pages\/115\/revisions"}],"predecessor-version":[{"id":119,"href":"http:\/\/vcp-finkenwerder.de\/index.php?rest_route=\/wp\/v2\/pages\/115\/revisions\/119"}],"wp:attachment":[{"href":"http:\/\/vcp-finkenwerder.de\/index.php?rest_route=%2Fwp%2Fv2%2Fmedia&parent=115"}],"curies":[{"name":"wp","href":"https:\/\/api.w.org\/{rel}","templated":true}]}}