{"id":20,"date":"2021-05-03T22:54:16","date_gmt":"2021-05-03T20:54:16","guid":{"rendered":"http:\/\/vcp-finkenwerder.de\/?page_id=20"},"modified":"2021-05-03T23:40:40","modified_gmt":"2021-05-03T21:40:40","slug":"ueber-uns","status":"publish","type":"page","link":"http:\/\/vcp-finkenwerder.de\/?page_id=20","title":{"rendered":"\u00dcber uns"},"content":{"rendered":"\n<p>Wir sind ein Pfadfinderstamm des Verband Christlicher Pfadfinderinnen und Pfadfinder (VCP) in Finkenwerder. Mit unseren Angeboten sind wir zwar ein Teil der evangelischen Jugendarbeit. Jedoch sind Jugendliche und Erwachsene anderer Konfessions- oder Glaubensrichtungen ein selbstverst\u00e4ndlicher Teil unserer Gemeinschaft.<br>Gemeinsam wollen wir Abenteuer erleben und die Welt entdecken. Daf\u00fcr fahren wir auf Fahrten und Lager, wo wir unsere Kothen und Jurten (spezielle Pfadfinderzelte) aufbauen und \u00fcber dem Feuer kochen. Abends am Lagerfeuer erklingt dann fr\u00f6hlicher Gesang und Gitarrenspiel, bevor wir dann am n\u00e4chsten Morgen weiter wandern. Dabei st\u00e4rken wir unsere Teamf\u00e4higkeiten, kn\u00fcpfen neue Freundschaften und stehen f\u00fcreinander in schweren sowie in guten Zeiten ein.<br>Wir stehen f\u00fcr Gemeinschaft, Freiheit und Liebe zur Natur. Unsere Sippen (Gruppen) werden von selbst noch jungen Gruppenleitern\/Erwachsenen nach der Pfadfinderischen Methode geleitet, welche die unterschiedlichen Anforderungen verschiedenen Altersstufen ber\u00fccksichtigt. Die Sippen treffen sich w\u00f6chentlich um zusammen zu spielen, zu basteln und zu singen und erlernen nach und nach Pfadfindertechniken wie Feuer machen, Knoten, Orientierung in der Wildnis oder Kothenaufbau. Die daf\u00fcr notwendigen Pfadfinderischen Methoden, P\u00e4dagogik und rechtlichen Grundlagen erlernen die Gruppenleiter auf einer speziellen Jugendgruppenleiterschulung des VCP Hamburg.<\/p>\n\n\n\n<h2 class=\"wp-block-heading\">Unsere Aktionen<\/h2>\n\n\n\n<p>Neben unseren w\u00f6chentlichen Gruppenstunden in denen wir gemeinsam spielen, basteln, kochen, konstruieren, singen und uns Altersgruppengerecht mit aktuellen Themen besch\u00e4ftigen, fahren wir regelm\u00e4\u00dfig auf Fahrten und Lager. Diese finden manchmal nur im kleinsten Kreis mit der eigenen Sippe statt (Sippenfahrt) oder kann aber auch mit mehreren hundert Pfadfindern aus ganz Deutschland (Bundeslager) stattfinden. Au\u00dferdem gehen wir auch mal auf die Schlittschuhbahn, besuchen den Wildpark Schwarzeberge oder nehmen am Hamburger Singewettstreit teil. In der Weihnachtszeit feiern wir traditionell unsere Waldweihnacht und holen das Friedenslicht aus einer Kirche in Hamburg und bringen es der evangelischen und der katholischen Gemeinde in Finkenwerder.<\/p>\n","protected":false},"excerpt":{"rendered":"<p>Wir sind ein Pfadfinderstamm des Verband Christlicher Pfadfinderinnen und Pfadfinder (VCP) in Finkenwerder. Mit unseren Angeboten sind wir zwar ein Teil der evangelischen Jugendarbeit. Jedoch sind Jugendliche und Erwachsene anderer Konfessions- oder Glaubensrichtungen ein selbstverst\u00e4ndlicher Teil unserer Gemeinschaft.Gemeinsam wollen wir Abenteuer erleben und die Welt entdecken. Daf\u00fcr fahren wir auf Fahrten und Lager, wo wir &hellip; <\/p>\n<p class=\"link-more\"><a href=\"http:\/\/vcp-finkenwerder.de\/?page_id=20\" class=\"more-link\"><span class=\"screen-reader-text\">\u201e\u00dcber uns\u201c<\/span> weiterlesen<\/a><\/p>\n","protected":false},"author":1,"featured_media":41,"parent":0,"menu_order":0,"comment_status":"closed","ping_status":"closed","template":"","meta":{"footnotes":""},"class_list":["post-20","page","type-page","status-publish","has-post-thumbnail","hentry"],"_links":{"self":[{"href":"http:\/\/vcp-finkenwerder.de\/index.php?rest_route=\/wp\/v2\/pages\/20","targetHints":{"allow":["GET"]}}],"collection":[{"href":"http:\/\/vcp-finkenwerder.de\/index.php?rest_route=\/wp\/v2\/pages"}],"about":[{"href":"http:\/\/vcp-finkenwerder.de\/index.php?rest_route=\/wp\/v2\/types\/page"}],"author":[{"embeddable":true,"href":"http:\/\/vcp-finkenwerder.de\/index.php?rest_route=\/wp\/v2\/users\/1"}],"replies":[{"embeddable":true,"href":"http:\/\/vcp-finkenwerder.de\/index.php?rest_route=%2Fwp%2Fv2%2Fcomments&post=20"}],"version-history":[{"count":4,"href":"http:\/\/vcp-finkenwerder.de\/index.php?rest_route=\/wp\/v2\/pages\/20\/revisions"}],"predecessor-version":[{"id":411,"href":"http:\/\/vcp-finkenwerder.de\/index.php?rest_route=\/wp\/v2\/pages\/20\/revisions\/411"}],"wp:featuredmedia":[{"embeddable":true,"href":"http:\/\/vcp-finkenwerder.de\/index.php?rest_route=\/wp\/v2\/media\/41"}],"wp:attachment":[{"href":"http:\/\/vcp-finkenwerder.de\/index.php?rest_route=%2Fwp%2Fv2%2Fmedia&parent=20"}],"curies":[{"name":"wp","href":"https:\/\/api.w.org\/{rel}","templated":true}]}}