{"id":21,"date":"2021-05-03T23:29:41","date_gmt":"2021-05-03T21:29:41","guid":{"rendered":"http:\/\/vcp-finkenwerder.de\/?page_id=21"},"modified":"2021-05-04T19:00:05","modified_gmt":"2021-05-04T17:00:05","slug":"kontakt","status":"publish","type":"page","link":"http:\/\/vcp-finkenwerder.de\/?page_id=21","title":{"rendered":"Kontakt"},"content":{"rendered":"\n<p>Unsere Gruppenstunden finden in der InselPerle im Norderschulweg statt. Dort haben wir uns einen gro\u00dfen Kellerraum gem\u00fctlich eingerichtet. Bei gutem Wetter gehen wir nat\u00fcrlich am liebsten nach drau\u00dfen, aber auch bei schlechtem Wetter und in der kalten Jahreszeit ist somit daf\u00fcr gesorgt, dass keine Gruppenstunde ausfallen muss.<\/p>\n\n\n\n<p>Sie haben Interesse an unserer Jugendarbeit bekommen? Dann kommen Sie einfach zu einer der Gruppenstunden oder kontaktieren Sie unseren Stammessprecher: <\/p>\n\n\n\n<p class=\"has-text-align-center\"><strong>info@vcp-finkenwerder.de<\/strong><\/p>\n\n\n\n<p>Ansonsten findet ihr uns auch auf <a href=\"https:\/\/www.instagram.com\/klaus_stoertebeker_fkw\/\">Instagram<\/a> und <a href=\"https:\/\/www.facebook.com\/PfadfinderFinkenwerder\/\">Facebook<\/a>.<\/p>\n\n\n\n<ul class=\"wp-block-social-links aligncenter is-style-default is-layout-flex wp-block-social-links-is-layout-flex\"><li class=\"wp-social-link wp-social-link-mail  wp-block-social-link\"><a rel=\"noopener nofollow\" target=\"_blank\" href=\"mailto:&#105;nf&#111;&#064;&#118;c&#112;-&#102;i&#110;k&#101;&#110;we&#114;&#100;er&#046;&#100;e\" class=\"wp-block-social-link-anchor\"><svg width=\"24\" height=\"24\" viewBox=\"0 0 24 24\" version=\"1.1\" xmlns=\"http:\/\/www.w3.org\/2000\/svg\" aria-hidden=\"true\" focusable=\"false\"><path d=\"M19,5H5c-1.1,0-2,.9-2,2v10c0,1.1.9,2,2,2h14c1.1,0,2-.9,2-2V7c0-1.1-.9-2-2-2zm.5,12c0,.3-.2.5-.5.5H5c-.3,0-.5-.2-.5-.5V9.8l7.5,5.6,7.5-5.6V17zm0-9.1L12,13.6,4.5,7.9V7c0-.3.2-.5.5-.5h14c.3,0,.5.2.5.5v.9z\"><\/path><\/svg><span class=\"wp-block-social-link-label screen-reader-text\">E-Mail<\/span><\/a><\/li>\n\n\n\n<\/ul>\n\n\n\n<p><\/p>\n","protected":false},"excerpt":{"rendered":"<p>Unsere Gruppenstunden finden in der InselPerle im Norderschulweg statt. Dort haben wir uns einen gro\u00dfen Kellerraum gem\u00fctlich eingerichtet. Bei gutem Wetter gehen wir nat\u00fcrlich am liebsten nach drau\u00dfen, aber auch bei schlechtem Wetter und in der kalten Jahreszeit ist somit daf\u00fcr gesorgt, dass keine Gruppenstunde ausfallen muss. Sie haben Interesse an unserer Jugendarbeit bekommen? Dann &hellip; <\/p>\n<p class=\"link-more\"><a href=\"http:\/\/vcp-finkenwerder.de\/?page_id=21\" class=\"more-link\"><span class=\"screen-reader-text\">\u201eKontakt\u201c<\/span> weiterlesen<\/a><\/p>\n","protected":false},"author":1,"featured_media":121,"parent":0,"menu_order":0,"comment_status":"closed","ping_status":"closed","template":"","meta":{"footnotes":""},"class_list":["post-21","page","type-page","status-publish","has-post-thumbnail","hentry"],"_links":{"self":[{"href":"http:\/\/vcp-finkenwerder.de\/index.php?rest_route=\/wp\/v2\/pages\/21","targetHints":{"allow":["GET"]}}],"collection":[{"href":"http:\/\/vcp-finkenwerder.de\/index.php?rest_route=\/wp\/v2\/pages"}],"about":[{"href":"http:\/\/vcp-finkenwerder.de\/index.php?rest_route=\/wp\/v2\/types\/page"}],"author":[{"embeddable":true,"href":"http:\/\/vcp-finkenwerder.de\/index.php?rest_route=\/wp\/v2\/users\/1"}],"replies":[{"embeddable":true,"href":"http:\/\/vcp-finkenwerder.de\/index.php?rest_route=%2Fwp%2Fv2%2Fcomments&post=21"}],"version-history":[{"count":5,"href":"http:\/\/vcp-finkenwerder.de\/index.php?rest_route=\/wp\/v2\/pages\/21\/revisions"}],"predecessor-version":[{"id":143,"href":"http:\/\/vcp-finkenwerder.de\/index.php?rest_route=\/wp\/v2\/pages\/21\/revisions\/143"}],"wp:featuredmedia":[{"embeddable":true,"href":"http:\/\/vcp-finkenwerder.de\/index.php?rest_route=\/wp\/v2\/media\/121"}],"wp:attachment":[{"href":"http:\/\/vcp-finkenwerder.de\/index.php?rest_route=%2Fwp%2Fv2%2Fmedia&parent=21"}],"curies":[{"name":"wp","href":"https:\/\/api.w.org\/{rel}","templated":true}]}}