{"id":48,"date":"2021-05-03T23:28:35","date_gmt":"2021-05-03T21:28:35","guid":{"rendered":"http:\/\/vcp-finkenwerder.de\/?page_id=48"},"modified":"2022-11-01T12:45:36","modified_gmt":"2022-11-01T11:45:36","slug":"gruppen","status":"publish","type":"page","link":"http:\/\/vcp-finkenwerder.de\/?page_id=48","title":{"rendered":"Gruppen"},"content":{"rendered":"\n<h2 class=\"wp-block-heading\">W\u00f6lflingsrunden<\/h2>\n\n\n\n<p>Zur W\u00f6lflingsrunde geh\u00f6ren unsere j\u00fcngsten Pfadfinder im Stamm. In unseren Gruppenstunden versuchen wir unterschiedliche Themen wie zum Beispiel: Pfadfinder, Natur oder Europa durch Spiele, Fragen und Kreativaufgaben den Kindern n\u00e4her zu bringen. Wir versuchen bei jedem Wetter drau\u00dfen zu sein. Bei uns gibt es manchmal auch Tageswanderungen mit Posten, die unterschiedlichste Aufgaben haben. Ein paar Mal im Jahr fahren wir auch gemeinsam auf ein Lager, welche \u00fcber ein Wochenende mit unseren Zelten in anderen Teilen von (meist Nord-) Deutschland stattfinden.<\/p>\n\n\n\n<p>Seit dem Herbst 2022 existieren nun zwei W\u00f6flingsrunden: Meute &amp; Neue Meute.<\/p>\n\n\n\n<div class=\"wp-block-columns is-layout-flex wp-container-core-columns-is-layout-9d6595d7 wp-block-columns-is-layout-flex\">\n<div class=\"wp-block-column is-layout-flow wp-block-column-is-layout-flow\">\n<h2 class=\"wp-block-heading\">Neue Meute<\/h2>\n\n\n\n<p>Einschulung: 2021 &#8211; 2022<\/p>\n\n\n\n<p>Sippenstunde: Dienstag 16:30 &#8211; 17:30 Uhr<\/p>\n\n\n\n<p>Leitung: Charlie, Jakob, Tazan<\/p>\n<\/div>\n\n\n\n<div class=\"wp-block-column is-layout-flow wp-block-column-is-layout-flow\">\n<h2 class=\"wp-block-heading\">Meute<\/h2>\n\n\n\n<p>Einschulung: 2019 &#8211; 2020<\/p>\n\n\n\n<p>Sippenstunde: Montag 16:30 &#8211; 17:30 Uhr<\/p>\n\n\n\n<p>Leitung: Ilka, Johanna, Lara<\/p>\n<\/div>\n<\/div>\n\n\n\n<div style=\"height:100px\" aria-hidden=\"true\" class=\"wp-block-spacer\"><\/div>\n\n\n\n<hr class=\"wp-block-separator has-css-opacity\"\/>\n\n\n\n<h2 class=\"wp-block-heading\">M\u00fccken<\/h2>\n\n\n\n<p>In den Gruppenstunden sind wir bei gutem Wetter drau\u00dfen, spielen auf dem Platz vor der InselPerle oder erkunden ein wenig Finkenwerder. Wenn das Wetter nicht so gut ist, wird im Stammesraum flei\u00dfig gespielt oder die Kinder werden kreativ. Kurz vor Lagern besprechen wir gemeinsam was alles beachtet werden muss und welches Material f\u00fcr unsere Zelte ben\u00f6tigt wird. Auf den Lagern selbst gibt es unterschiedlichstes Programm bei dem sie spielerisch die Natur entdecken und in der Gruppe gemeinsam wachsen k\u00f6nnen. Sie lernen Verantwortung zu \u00fcbernehmen und den J\u00fcngeren ihr Wissen \u00fcber Zeltaufbau und Pfadfinder weiter zugeben. Gemeinsam am Lagerfeuer k\u00f6nnen die Meisten mit der Zeit die Lieder aus unserem Liederbock fast auswendig mitsingen und wer mag, kann auch ein paar T\u00f6ne auf der Gitarre ausprobieren. Wir freuen uns immer neue Gesichter kennenzulernen und in der Gruppe gemeinsam Herausforderungen zu meistern.<\/p>\n\n\n\n<p>Gr\u00fcndung: 2021<\/p>\n\n\n\n<p>Einschulung: 2016 &#8211; 2018<\/p>\n\n\n\n<p>Sippenstunde: Mittwoch 16:30 &#8211; 18:00 Uhr<\/p>\n\n\n\n<p>Leitung: Lara &amp; K-kob<\/p>\n\n\n\n<div style=\"height:100px\" aria-hidden=\"true\" class=\"wp-block-spacer\"><\/div>\n\n\n\n<hr class=\"wp-block-separator has-css-opacity\"\/>\n\n\n\n<h2 class=\"wp-block-heading\">Seegurken<\/h2>\n\n\n\n<p>Mittlerweile sind unsere Seegurken in die RangerRover-Stufe aufgestiegen und leiten selber eigene Gruppen. Daher finden keine aktiven Gruppenstunden der Seegurken mehr statt. Sie besch\u00e4ftigten sich in den Gruppenstunden mit aktuellen Themen wie Recycling, Klimawandel oder Politik. Sie waren auch sehr gerne kreativ und batikten, bemalten Stoffe und schrieben Songs. Ihr Highlight ist ein eigener Werbespot, der mit viel Liebe und Kreativit\u00e4t gemacht wurde. Da sie teilweise schon selber eine eigene Gruppe leiteten, planten sie (Teil-) Programm f\u00fcr Lager und tauschten sich \u00fcber Ideen und Tipps aus. Sie nahmen regelm\u00e4\u00dfig an Lager\/Fahrten und Tagesaktivit\u00e4ten teil.<\/p>\n\n\n\n<p>Gr\u00fcndung: 2017<\/p>\n\n\n\n<p>Jahrg\u00e4nge: 2004 &#8211; 2006<\/p>\n\n\n\n<p>Sippenstunde: keine aktiven Sippenstunden mehr<\/p>\n\n\n\n<p>Ehemalige Leitung: Milka &amp; Jacl<\/p>\n\n\n\n<p><\/p>\n\n\n\n<figure class=\"wp-block-video\"><video height=\"720\" style=\"aspect-ratio: 1280 \/ 720;\" width=\"1280\" controls src=\"http:\/\/vcp-finkenwerder.de\/wp-content\/uploads\/2021\/06\/Seegurken.mp4\"><\/video><\/figure>\n","protected":false},"excerpt":{"rendered":"<p>W\u00f6lflingsrunden Zur W\u00f6lflingsrunde geh\u00f6ren unsere j\u00fcngsten Pfadfinder im Stamm. In unseren Gruppenstunden versuchen wir unterschiedliche Themen wie zum Beispiel: Pfadfinder, Natur oder Europa durch Spiele, Fragen und Kreativaufgaben den Kindern n\u00e4her zu bringen. Wir versuchen bei jedem Wetter drau\u00dfen zu sein. Bei uns gibt es manchmal auch Tageswanderungen mit Posten, die unterschiedlichste Aufgaben haben. Ein &hellip; <\/p>\n<p class=\"link-more\"><a href=\"http:\/\/vcp-finkenwerder.de\/?page_id=48\" class=\"more-link\"><span class=\"screen-reader-text\">\u201eGruppen\u201c<\/span> weiterlesen<\/a><\/p>\n","protected":false},"author":1,"featured_media":122,"parent":0,"menu_order":0,"comment_status":"closed","ping_status":"closed","template":"","meta":{"footnotes":""},"class_list":["post-48","page","type-page","status-publish","has-post-thumbnail","hentry"],"_links":{"self":[{"href":"http:\/\/vcp-finkenwerder.de\/index.php?rest_route=\/wp\/v2\/pages\/48","targetHints":{"allow":["GET"]}}],"collection":[{"href":"http:\/\/vcp-finkenwerder.de\/index.php?rest_route=\/wp\/v2\/pages"}],"about":[{"href":"http:\/\/vcp-finkenwerder.de\/index.php?rest_route=\/wp\/v2\/types\/page"}],"author":[{"embeddable":true,"href":"http:\/\/vcp-finkenwerder.de\/index.php?rest_route=\/wp\/v2\/users\/1"}],"replies":[{"embeddable":true,"href":"http:\/\/vcp-finkenwerder.de\/index.php?rest_route=%2Fwp%2Fv2%2Fcomments&post=48"}],"version-history":[{"count":14,"href":"http:\/\/vcp-finkenwerder.de\/index.php?rest_route=\/wp\/v2\/pages\/48\/revisions"}],"predecessor-version":[{"id":434,"href":"http:\/\/vcp-finkenwerder.de\/index.php?rest_route=\/wp\/v2\/pages\/48\/revisions\/434"}],"wp:featuredmedia":[{"embeddable":true,"href":"http:\/\/vcp-finkenwerder.de\/index.php?rest_route=\/wp\/v2\/media\/122"}],"wp:attachment":[{"href":"http:\/\/vcp-finkenwerder.de\/index.php?rest_route=%2Fwp%2Fv2%2Fmedia&parent=48"}],"curies":[{"name":"wp","href":"https:\/\/api.w.org\/{rel}","templated":true}]}}