{"id":96,"date":"2021-05-04T00:27:26","date_gmt":"2021-05-03T22:27:26","guid":{"rendered":"http:\/\/vcp-finkenwerder.de\/?page_id=96"},"modified":"2022-10-07T23:21:14","modified_gmt":"2022-10-07T21:21:14","slug":"stammeschronik","status":"publish","type":"page","link":"http:\/\/vcp-finkenwerder.de\/?page_id=96","title":{"rendered":"Stammeschronik"},"content":{"rendered":"\n<p class=\"has-text-align-left has-medium-font-size\"><strong>Before 2003<\/strong><\/p>\n\n\n\n<p>\u201eDie Trachtengruppe\u201c aus Neuenfelde<\/p>\n\n\n\n<p class=\"has-text-align-left has-medium-font-size\"><strong>2003<\/strong><strong><\/strong><\/p>\n\n\n\n<p>12.10.2003: Erster Thing, Offizielle Stammesgr\u00fcndung<\/p>\n\n\n\n<p>Erste aktive Jugendarbeit auf der MS Altenwerder in Finkenwerder<\/p>\n\n\n\n<p><strong><u>Sippen<\/u><\/strong><\/p>\n\n\n\n<p><em>Wei\u00dfkopfseeadler<\/em><\/p>\n\n\n\n<p class=\"has-text-align-left has-medium-font-size\"><strong>2004<\/strong><strong><\/strong><\/p>\n\n\n\n<p><strong><u>Sippen<\/u><\/strong><\/p>\n\n\n\n<p><em>Wei\u00dfkopfseeadler<\/em><\/p>\n\n\n\n<p class=\"has-text-align-left has-medium-font-size\"><strong>2005<\/strong><\/p>\n\n\n\n<p><strong><u>Sippen<\/u><\/strong><\/p>\n\n\n\n<p><em>Wei\u00dfkopfseeadler<\/em><\/p>\n\n\n\n<p class=\"has-medium-font-size\"><strong>2006<\/strong><\/p>\n\n\n\n<p><strong><u>Lager und Fahrten<\/u><\/strong><\/p>\n\n\n\n<p>03.08.-12.08.2006 Bundeslager \u201e100Pro. Die Welt gestalten.\u201c in Gro\u00dfzerlang<\/p>\n\n\n\n<p>17.12.2006 Friedenslicht in der St. Petri Kirche<\/p>\n\n\n\n<p><strong><u>Sippen<\/u><\/strong><\/p>\n\n\n\n<p><em>Wei\u00dfkopfseeadler<\/em>: Jahrgang 1997-1998<\/p>\n\n\n\n<p><em>Schwertfische:<\/em> Jahrgang 1994-1996<\/p>\n\n\n\n<p class=\"has-medium-font-size\"><strong>2007<\/strong><\/p>\n\n\n\n<p><strong><u>Lager und Fahrten<\/u><\/strong><\/p>\n\n\n\n<p>16.12.2007 Friedenslicht in der Heilig-Geist-Kirche in Hamburg-Farmsen<\/p>\n\n\n\n<p><strong><u>Sippen<\/u><\/strong><\/p>\n\n\n\n<p><em>Wei\u00dfkopfseeadler<\/em>: Jahrgang 1997-1998<\/p>\n\n\n\n<p><em>Schwertfische<\/em>: Jahrgang 1994-1996<\/p>\n\n\n\n<p class=\"has-medium-font-size\"><strong>2008<\/strong><\/p>\n\n\n\n<p><strong><u>Lager und Fahrten<\/u><\/strong><\/p>\n\n\n\n<p class=\"has-cyan-bluish-gray-color has-text-color\">19.07.-29.07.2008 Landeslager \u201eAuf zum Olymp\u201c in Friedensau<\/p>\n\n\n\n<p>14.12.2008 Friedenslicht in der Christuskirche<\/p>\n\n\n\n<p><strong><u>Sippen<\/u><\/strong><\/p>\n\n\n\n<p><em>Wei\u00dfkopfseeadler<\/em>: W\u00f6lflinge, Jahrgang 1997-1998<\/p>\n\n\n\n<p><em>Schwertfische<\/em>: Jungpfadfinder, Jahrgang 1994-1996<\/p>\n\n\n\n<p><em>Namenlose M\u00e4dchengruppe<\/em>: 13-16 Jahre<\/p>\n\n\n\n<p><em>F\u00fcchse<\/em>: Pfadfinder, 12-16 Jahre<\/p>\n\n\n\n<p><em>RRs<\/em>: ab 16 Jahre<\/p>\n\n\n\n<p class=\"has-medium-font-size\"><strong>2009<\/strong><\/p>\n\n\n\n<p><strong><u>Lager und Fahrten<\/u><\/strong><\/p>\n\n\n\n<p>29.05.-01.06.2009 Bezirkslager \u201eHarry Potter\u201c auf dem Bargkamp<\/p>\n\n\n\n<p>Waldweihnacht<\/p>\n\n\n\n<p>13.12.2009 Friedenslicht in der Christuskirche<\/p>\n\n\n\n<p class=\"has-medium-font-size\"><strong>2010<\/strong><\/p>\n\n\n\n<p>Bezirkslager \u201eFeuer\u201c<\/p>\n\n\n\n<p>29.07.-07.08.2010 Bundeslager \u201eLeinen los, auf zu neuen Abenteuern!\u201c in Wolfsburg\/Almke<\/p>\n\n\n\n<p>Waldweihnacht<\/p>\n\n\n\n<p>12.12.2010 Friedenslicht in der Christuskirche<\/p>\n\n\n\n<p class=\"has-medium-font-size\"><strong>2011<\/strong><\/p>\n\n\n\n<p><strong><u>Lager und Fahrten<\/u><\/strong><\/p>\n\n\n\n<p>11.12.2011 Friedenslicht in der Christuskirche<\/p>\n\n\n\n<p class=\"has-medium-font-size\"><strong>2012<\/strong><\/p>\n\n\n\n<p><strong><u>Lager und Fahrten<\/u><\/strong><\/p>\n\n\n\n<p>Thing<\/p>\n\n\n\n<p>Bezirkslager \u201eTotenkopf\u201c in Ratzeburg<\/p>\n\n\n\n<p>Pfingstlager<\/p>\n\n\n\n<p>19.07.-29.07.2012 Landeslager \u201eFabelwesen\u201c in Bendorf-Sayn<\/p>\n\n\n\n<p>28.09.-30.09.2012 Herbstfahrt der Waschb\u00e4ren auf dem Bargkamp<\/p>\n\n\n\n<p>Stagebula auf dem Bargkamp<\/p>\n\n\n\n<p>Kanufahrt der Schwertfische<\/p>\n\n\n\n<p>Waldweihnacht in der Hasenheide<\/p>\n\n\n\n<p>16.12.2012 Friedenslicht in der Christuskirche<\/p>\n\n\n\n<p><strong><u>Sippen<\/u><\/strong><\/p>\n\n\n\n<p><em>Pinguine<\/em>: 8-11 Jahre<\/p>\n\n\n\n<p><em>Waschb\u00e4ren<\/em>: 12-13 Jahre<\/p>\n\n\n\n<p><em>Seeleoparden<\/em>: 14-15 Jahre<\/p>\n\n\n\n<p><em>Schwertfische<\/em>: 17-18 Jahre, Jahrgang 1994-1997<\/p>\n\n\n\n<p><em>RR<\/em>s<\/p>\n\n\n\n<p class=\"has-medium-font-size\"><strong>2013<\/strong><\/p>\n\n\n\n<p><strong><u>Lager und Fahrten<\/u><\/strong><\/p>\n\n\n\n<p>Thing<\/p>\n\n\n\n<p>01.05.2013 Kinderfest<\/p>\n\n\n\n<p>Bezirkslager \u201eHawaii\u201c<\/p>\n\n\n\n<p>Sonne, Mond und Sterne Lager<\/p>\n\n\n\n<p>17.05.-20.05.2013 Pfingstlager in Tydal<\/p>\n\n\n\n<p>Technikwochenende mit den Waschb\u00e4ren<\/p>\n\n\n\n<p>Filmabend der Waschb\u00e4ren<\/p>\n\n\n\n<p>Waschb\u00e4rfahrt<\/p>\n\n\n\n<p>19.10.2013 Stammesgeburtstag im Stamm<\/p>\n\n\n\n<p>29.11.-01.12.2013 Waldweihnacht bei den Nonnen in Finkenwerder<\/p>\n\n\n\n<p>15.12.2013 Friedenslicht in der Christuskirche<\/p>\n\n\n\n<p>Weihnachts\u00fcbernachtung im Stamm der Pinguine<\/p>\n\n\n\n<p>22.12.2013 Friedenslicht in Finkenwerder<\/p>\n\n\n\n<p><strong><u>Sippen<\/u><\/strong><\/p>\n\n\n\n<p><em>Pinguine<\/em>: 10-12 Jahre<\/p>\n\n\n\n<p><em>Waschb\u00e4ren<\/em>: 13-14 Jahre<\/p>\n\n\n\n<p><em>Seeleoparden<\/em>: 15-16 Jahre, Jahrgang 1997-1998<\/p>\n\n\n\n<p><em>Schwertfische<\/em>: \u00dcbergang zu RR<\/p>\n\n\n\n<p><em>RRs<\/em><\/p>\n\n\n\n<p class=\"has-medium-font-size\"><strong>2014<\/strong><\/p>\n\n\n\n<p><strong><u>Lager und Fahrten<\/u><\/strong><\/p>\n\n\n\n<p>02.02.2014 Thing<\/p>\n\n\n\n<p>08.02.2014 Harburg On Ice<\/p>\n\n\n\n<p>01.05.0214 Kinderfest<\/p>\n\n\n\n<p>16.05.-18.05.2014 Bezirkslager \u201eAnimal Farm\u201c in Moorburg<\/p>\n\n\n\n<p>06.06.-09.06.2014 Pfingstlager \u201eWerw\u00f6lfe\u201c mit BAS, Bapu und MCE<\/p>\n\n\n\n<p>13.06.-15.06.2014 Familienlager auf dem Bargkamp<\/p>\n\n\n\n<p>06.08.-15.08.2014 Bundeslager \u201eVolldampf\u201c auf dem Schachen<\/p>\n\n\n\n<p>10.10.-12.10.2014 Stammesgeburtstagslager in Eckel<\/p>\n\n\n\n<p>05.12.-07.12.2014 Waldweihnacht in Uelzen<\/p>\n\n\n\n<p>14.12.2014 Friedenslicht in der Christuskirche<\/p>\n\n\n\n<p>19.12.-21.12.2014 Klampen &amp; Mampfen in L\u00fctjenwestedt<\/p>\n\n\n\n<p><strong><u>Sippen<\/u><\/strong><\/p>\n\n\n\n<p><em>Pinguine<\/em>: W\u00f6lflinge, 9-13 Jahre<\/p>\n\n\n\n<p><em>Waschb\u00e4ren<\/em>: Jungpfadfinder, 13-15 Jahre, Jahrgang 1999-2001<\/p>\n\n\n\n<p><em>Freibeuter<\/em>: 16-17 Jahre<\/p>\n\n\n\n<p><em>Erwachsene<\/em><\/p>\n\n\n\n<p class=\"has-medium-font-size\"><strong>2015<\/strong><\/p>\n\n\n\n<p><strong><u>Lager und Fahrten<\/u><\/strong><\/p>\n\n\n\n<p>22.03.2015 Thing<\/p>\n\n\n\n<p>24.4.-26.04.2015 Bezirkslager \u201eJim Knopf\u201c in Eckel<\/p>\n\n\n\n<p>01.05.2015 Kinderfest<\/p>\n\n\n\n<p>22.05.-25.05.2015 Pfingstlager \u201eWickie\u201c mit MCE und Bapu in Volksdorf<\/p>\n\n\n\n<p>28.07.-08.08.2015 23. Jamboree in Japan<\/p>\n\n\n\n<p>12.09.-13. 09.2015 Deichpartie<\/p>\n\n\n\n<p>2.10.-4.10.2015 Stammesgeburtstagslager auf dem Bargkamp<\/p>\n\n\n\n<p>4.12.-6.12.2015 Waldweihnacht im Stamm<\/p>\n\n\n\n<p>13.12.2015 Friedenslicht in der Christuskirche<\/p>\n\n\n\n<p>20.12.2015 Friedenslicht in Finkenwerder<\/p>\n\n\n\n<p><strong><u>Sippen<\/u><\/strong><\/p>\n\n\n\n<p><em>Pinguine<\/em><\/p>\n\n\n\n<p><em>Waschb\u00e4ren<\/em>: 14-16 Jahre<\/p>\n\n\n\n<p><em>Erwachsene<\/em><\/p>\n\n\n\n<p class=\"has-medium-font-size\"><strong>2016<\/strong><\/p>\n\n\n\n<p><strong><u>Lager und Fahrten<\/u><\/strong><\/p>\n\n\n\n<p>17.01.2016 Thing<\/p>\n\n\n\n<p>27.05.-29.05.2016 Bezirkslager \u201eM\u00e4rchenanland\u201c auf dem Bargkamp<\/p>\n\n\n\n<p class=\"has-cyan-bluish-gray-color has-text-color\">23.-24.09.2016 Bezirkshajk<\/p>\n\n\n\n<p>06.08.-14.08.2016 Nordlager \u201eVor der Zeit\u201c in Gro\u00dfzerlang<\/p>\n\n\n\n<p>30.09.-03.10.2016 Stammesgeburtstagslager<\/p>\n\n\n\n<p>02.-04.12.2016 Waldweihnacht<\/p>\n\n\n\n<p>11.12.2016 Friedenslicht in der Christuskirche<\/p>\n\n\n\n<p><strong><u>Sippen<\/u><\/strong><\/p>\n\n\n\n<p><em>Meute\/Regenbogenfische<\/em>: 6-9 Jahre<\/p>\n\n\n\n<p><em>Pinguine<\/em>: 9-13 Jahre<\/p>\n\n\n\n<p><em>Waschb\u00e4ren<\/em><\/p>\n\n\n\n<p class=\"has-medium-font-size\"><strong>2017<\/strong><\/p>\n\n\n\n<p><strong><u>Lager und Fahrten<\/u><\/strong><\/p>\n\n\n\n<p>22.01.2017 Thing<\/p>\n\n\n\n<p>21.01.2017 Harburg on Ice<\/p>\n\n\n\n<p>17.4.-23.4.2017 Stammes\u00fcbernachtung<\/p>\n\n\n\n<p>01.05.2017 Kinderfest<\/p>\n\n\n\n<p>02.-05.06.2017 Bezirkslager mit dem Bezirk und Bapu auf dem Bargkamp<\/p>\n\n\n\n<p class=\"has-cyan-bluish-gray-color has-text-color\">24.-28.05.2017 Kirchentag<\/p>\n\n\n\n<p>Pfingstlager mit BAS<\/p>\n\n\n\n<p class=\"has-cyan-bluish-gray-color has-text-color\">06.-08.17 Bezirkshaik<\/p>\n\n\n\n<p>27.07.-05.08.2017 Bundeslager \u201eWeitblick\u201c in Wittenberg<\/p>\n\n\n\n<p>27.10.2017 Stammesgeburtstag<\/p>\n\n\n\n<p class=\"has-cyan-bluish-gray-color has-text-color\">09.10.2017 Wildpark Schwarzeberge mit dem Bezirk<\/p>\n\n\n\n<p>09.-10.09.2017 Deichpartie<\/p>\n\n\n\n<p class=\"has-cyan-bluish-gray-color has-text-color\">09.2017 Haijk<\/p>\n\n\n\n<p>8.12.-10.12.2017 Waldweihnacht in Elmshorn<\/p>\n\n\n\n<p class=\"has-cyan-bluish-gray-color has-text-color\">24.11.-26.11.2017 Rythm &amp; Relax<\/p>\n\n\n\n<p class=\"has-cyan-bluish-gray-color has-text-color\">25.11.2017 Wolfen &amp; Rolfen bei BAS<\/p>\n\n\n\n<p>17.12.2017 Friedenslicht \u201eAuf dem Weg zum Frieden\u201c in der Apostelkirche<\/p>\n\n\n\n<p><strong><u>Sippen<\/u><\/strong><\/p>\n\n\n\n<p><em>Meute\/Regenbogenfische<\/em><\/p>\n\n\n\n<p><em>Seegurken<\/em>: ehemals Pinguine, Jungpfadfinder<\/p>\n\n\n\n<p><em>RRs<\/em><\/p>\n\n\n\n<p><em>Erwachsene<\/em><\/p>\n\n\n\n<p class=\"has-medium-font-size\"><strong>2018<\/strong><\/p>\n\n\n\n<p><strong><u>Lager und Fahrten<\/u><\/strong><\/p>\n\n\n\n<p>28.01.2018 Thing<\/p>\n\n\n\n<p>27.01.2018 Harburg on Ice<\/p>\n\n\n\n<p>01.05.2018 Kinderfest<\/p>\n\n\n\n<p>Bezirkslager<\/p>\n\n\n\n<p>Pfingstlager bei VCP Schleswig-Holstein<\/p>\n\n\n\n<p>Bezirksfilmabend<\/p>\n\n\n\n<p>Bargkampeinsatz<\/p>\n\n\n\n<p>05.07.-17.07.2018 Stammessommerfahrt in Schweden<\/p>\n\n\n\n<p>28.09.-30.09.2018 15. Stammesgeburtstagslager<\/p>\n\n\n\n<p>30.11.-02.12.2018 Waldweihnacht in Soltau<\/p>\n\n\n\n<p>16.12.2018 Friedenslicht in der Kirche Herz Jesu Hamm<\/p>\n\n\n\n<p>23.12.2018 Friedenslicht in Finkenwerder<\/p>\n\n\n\n<p><strong><u>Sippen<\/u><\/strong><\/p>\n\n\n\n<p><em>Regenbogenfische\/Meute<\/em><\/p>\n\n\n\n<p><em>Seegurken<\/em>: Jungpfadfinder<\/p>\n\n\n\n<p><em>RRs<\/em><\/p>\n\n\n\n<p><em>Erwachsene<\/em><\/p>\n\n\n\n<p class=\"has-medium-font-size\"><strong>2019<\/strong><\/p>\n\n\n\n<p><strong><u>Lager und Fahrten<\/u><\/strong><\/p>\n\n\n\n<p>20.01.2019 Thing<\/p>\n\n\n\n<p>Harburg On Ice<\/p>\n\n\n\n<p>22.03.2019 Stammesfilmeabend<\/p>\n\n\n\n<p class=\"has-cyan-bluish-gray-color has-text-color\">23.3.2019 Mister X<\/p>\n\n\n\n<p>01.05.2019 Kinderfest<\/p>\n\n\n\n<p class=\"has-cyan-bluish-gray-color has-text-color\">3.5.-5.5. 2019 Minze Seminar<\/p>\n\n\n\n<p class=\"has-cyan-bluish-gray-color has-text-color\">24.5.-26.5.2019 Afklabastern<\/p>\n\n\n\n<p>Pfingstlager<\/p>\n\n\n\n<p>\u00dcberb\u00fcndisches Sippenlager der Regenbogenfische \u201eDrei Fragezeichen\u201c mit Gro\u00dfer J\u00e4ger (BdP Stamm) in Bendesdorf<\/p>\n\n\n\n<p>Sippenlager der Seegurken<\/p>\n\n\n\n<p class=\"has-cyan-bluish-gray-color has-text-color\">14.6.-16.6. 2019 Rythm &amp; Relax<\/p>\n\n\n\n<p>18.6.-23.6.2019 Kirchentag<\/p>\n\n\n\n<p>27.06.-02.07.2019 Bezirkssommerlager in Jomsburg<\/p>\n\n\n\n<p>22.07.-02.08.2019 24. Jamboree in Nordamerika<\/p>\n\n\n\n<p>22.09.2019 Harburg im Wildpark<\/p>\n\n\n\n<p class=\"has-cyan-bluish-gray-color has-text-color\">3.10.-4.10.2019 Stammeshajk<\/p>\n\n\n\n<p>4.10.-6.10.2019 Stammesgeburtstagslager<\/p>\n\n\n\n<p>26.10.2019 Filmabend<\/p>\n\n\n\n<p>29.11.-01.12.2019 Waldweihnacht in Soltau<\/p>\n\n\n\n<p>15.12.2019 Friedenslicht in der Kirche Herz Jesu Hamm<\/p>\n\n\n\n<p>11.12.2019 Weihnachtsfest<\/p>\n\n\n\n<p><strong><u>Sippen<\/u><\/strong><\/p>\n\n\n\n<p><em>Regenbogenfische\/Meute<\/em>: 6-12 Jahre<\/p>\n\n\n\n<p><em>Seegurken<\/em>: Pfadfinder<\/p>\n\n\n\n<p><em>RRs<\/em><\/p>\n\n\n\n<p><em>Erwachsene<\/em><\/p>\n\n\n\n<p class=\"has-medium-font-size\"><strong>2020<\/strong><\/p>\n\n\n\n<p><strong><u>Lager und Fahrten<\/u><\/strong><\/p>\n\n\n\n<p>24.01.2020 Thing<\/p>\n\n\n\n<p>Harburg On Ice<\/p>\n\n\n\n<p>Online Bezirkslager \u201eHarburg On Line\u201c<\/p>\n\n\n\n<p>29.08.2020 Orientierungslauf<\/p>\n\n\n\n<p>2.10.-4.10.2020 Stammesgeburtstagslager in Jomsburg<\/p>\n\n\n\n<p>04.06.12.2020 Waldweihnacht als Postenlauf durch Finkenwerder und Online Escape Room<\/p>\n\n\n\n<p>13.12.2020 Friedenslicht \u201eFrieden \u00fcberwindet Grenzen\u201c in der Kirche Herz Jesu Hamm<\/p>\n\n\n\n<p><strong><u>Sippen<\/u><\/strong><\/p>\n\n\n\n<p><em>Regenbogenfische\/Meute<\/em><\/p>\n\n\n\n<p><em>Seegurken<\/em><\/p>\n\n\n\n<p><em>Jungpfadfinder<\/em><\/p>\n\n\n\n<p><em>RRs<\/em><\/p>\n\n\n\n<p><em>Erwachsene<\/em><\/p>\n\n\n\n<p class=\"has-medium-font-size\"><strong>2021<\/strong><\/p>\n\n\n\n<p><strong><u>Lager und Fahrten<\/u><\/strong><\/p>\n\n\n\n<p>24.01.2021 Thing<\/p>\n\n\n\n<p>10.04.2021 Oster-Stammesaktion<\/p>\n\n\n\n<p>19.06.2021 Abenteuerlager<\/p>\n\n\n\n<p>03.07. \u2013 12.07.2021 Sommerfahrt nach Gro\u00dfzerlang<\/p>\n\n\n\n<p>15.08.2021 Kanu-Stammesaktion<\/p>\n\n\n\n<p>14.08.2021 Landessommerfest<\/p>\n\n\n\n<p>21.08.2021 Landesw\u00f6lflingstag im Wildpark<\/p>\n\n\n\n<p>03.09. \u2013 05.09.2021 &amp; 02.10. \u2013 10.10.2021 der \u00dcberfliegerkurs<\/p>\n\n\n\n<p>18.09.2021 Bezirksaktionstag bei BAS<\/p>\n\n\n\n<p>25.08.2021 Mattag<\/p>\n\n\n\n<p>27.08. \u2013 29.08.2021 Landesversammlung<\/p>\n\n\n\n<p>16.10.2021 Landesausflug in den Kletterwald<\/p>\n\n\n\n<p>22.10. \u2013 24.10.2021 Stammesgeburtstagslager<\/p>\n\n\n\n<p>13.11.2021 Foto- und Filmabend<\/p>\n\n\n\n<p>12.12.2021 Friedenslicht<\/p>\n\n\n\n<p>17.12. \u2013 19.12.2021 Waldweihnacht<\/p>\n\n\n\n<p>Pfadis For Future<\/p>\n\n\n\n<p><strong><u>Sippen<\/u><\/strong><\/p>\n\n\n\n<p><em>Regenbogenfische\/Meute<\/em>: Adara, Patrick und Lotta (Jakob und Lara als Unterst\u00fctzung), bis zu 12 Kinder (5-9 Jahre), Montags 16:30 -18:00 Uhr, W\u00f6lflinge<\/p>\n\n\n\n<p>M\u00fccken: Jakob und Lara, 3-6 Kinder (10 Jahre), seit Herbst 2021 Mittwochs 16:30 -18:00 Uhr, W\u00f6lflinge<\/p>\n\n\n\n<p><em>Seegurken<\/em>: Ilka und Jacqueline, 3-4 Kinder (16-17 Jahre), seit Waldweihnach 2021 RangerRover<\/p>\n\n\n\n<p><em>RRs<\/em><\/p>\n\n\n\n<p><em>Erwachsene<\/em><\/p>\n\n\n\n<p><\/p>\n","protected":false},"excerpt":{"rendered":"<p>Before 2003 \u201eDie Trachtengruppe\u201c aus Neuenfelde 2003 12.10.2003: Erster Thing, Offizielle Stammesgr\u00fcndung Erste aktive Jugendarbeit auf der MS Altenwerder in Finkenwerder Sippen Wei\u00dfkopfseeadler 2004 Sippen Wei\u00dfkopfseeadler 2005 Sippen Wei\u00dfkopfseeadler 2006 Lager und Fahrten 03.08.-12.08.2006 Bundeslager \u201e100Pro. Die Welt gestalten.\u201c in Gro\u00dfzerlang 17.12.2006 Friedenslicht in der St. Petri Kirche Sippen Wei\u00dfkopfseeadler: Jahrgang 1997-1998 Schwertfische: Jahrgang 1994-1996 &hellip; <\/p>\n<p class=\"link-more\"><a href=\"http:\/\/vcp-finkenwerder.de\/?page_id=96\" class=\"more-link\"><span class=\"screen-reader-text\">\u201eStammeschronik\u201c<\/span> weiterlesen<\/a><\/p>\n","protected":false},"author":1,"featured_media":0,"parent":0,"menu_order":0,"comment_status":"closed","ping_status":"closed","template":"","meta":{"footnotes":""},"class_list":["post-96","page","type-page","status-publish","hentry"],"_links":{"self":[{"href":"http:\/\/vcp-finkenwerder.de\/index.php?rest_route=\/wp\/v2\/pages\/96","targetHints":{"allow":["GET"]}}],"collection":[{"href":"http:\/\/vcp-finkenwerder.de\/index.php?rest_route=\/wp\/v2\/pages"}],"about":[{"href":"http:\/\/vcp-finkenwerder.de\/index.php?rest_route=\/wp\/v2\/types\/page"}],"author":[{"embeddable":true,"href":"http:\/\/vcp-finkenwerder.de\/index.php?rest_route=\/wp\/v2\/users\/1"}],"replies":[{"embeddable":true,"href":"http:\/\/vcp-finkenwerder.de\/index.php?rest_route=%2Fwp%2Fv2%2Fcomments&post=96"}],"version-history":[{"count":9,"href":"http:\/\/vcp-finkenwerder.de\/index.php?rest_route=\/wp\/v2\/pages\/96\/revisions"}],"predecessor-version":[{"id":427,"href":"http:\/\/vcp-finkenwerder.de\/index.php?rest_route=\/wp\/v2\/pages\/96\/revisions\/427"}],"wp:attachment":[{"href":"http:\/\/vcp-finkenwerder.de\/index.php?rest_route=%2Fwp%2Fv2%2Fmedia&parent=96"}],"curies":[{"name":"wp","href":"https:\/\/api.w.org\/{rel}","templated":true}]}}