{"id":98,"date":"2021-05-04T00:27:26","date_gmt":"2021-05-03T22:27:26","guid":{"rendered":"http:\/\/vcp-finkenwerder.de\/?page_id=98"},"modified":"2021-06-02T14:06:54","modified_gmt":"2021-06-02T12:06:54","slug":"dgsvo","status":"publish","type":"page","link":"http:\/\/vcp-finkenwerder.de\/?page_id=98","title":{"rendered":"Impressum &#038; DSGVO"},"content":{"rendered":"\n<h2 class=\"wp-block-heading\">Rechtliche Hinweise<\/h2>\n\n\n\n<p>Alle in unseren Internetseiten enthaltenen Informationen und Angaben wurden vom Stamm Klaus St\u00f6rtebeker Finkenwerder oder Dritten sorgf\u00e4ltig recherchiert und gepr\u00fcft. F\u00fcr Richtigkeit, Vollst\u00e4ndigkeit und Aktualit\u00e4t \u00fcbernehmen jedoch weder der Stamm Klaus St\u00f6rtebeker Finkenwerder noch entsprechende Dritte die Gew\u00e4hr. Die Internetseite vom Stamm Klaus St\u00f6rtebeker Finkenwerder kann ohne unser Wissen von einer anderen Webseite mittels Hyperlinks angelinkt worden sein. Wir \u00fcbernehmen keine Verantwortung f\u00fcr Inhalt, Darstellung oder irgendeine Verbindung zu uns in Webseiten Dritter. <\/p>\n\n\n\n<p>Die Nutzung eines Links von dieser Webseite zu der Webseite eines Dritten f\u00fchrt zum Verlassen unserer Webseite und erfolgt auf Verantwortung des Benutzers. Wir haben nicht alle Webseiten Dritter kontrolliert und \u00fcbernehmen f\u00fcr die dort vorgefundenen Inhalte keinerlei Haftung. Dies gilt ebenso f\u00fcr alle Ergebnisse, die durch die Benutzung von Webseiten Dritter erlangt werden k\u00f6nnen.<\/p>\n\n\n\n<h2 class=\"wp-block-heading\">Datenschutz<\/h2>\n\n\n\n<p>Wenn Sie sich entschlie\u00dfen, uns pers\u00f6nliche Daten \u00fcber das Internet zu \u00fcberlassen, damit z.B. Korrespondenz abgewickelt werden kann, so werden wir mit diesen Daten nach den strengen Regelungen des Bundesdatenschutzgesetzes (BDSG) sorgf\u00e4ltig umgehen.<\/p>\n\n\n\n<h2 class=\"wp-block-heading\">Urheberrecht<\/h2>\n\n\n\n<p>\u00a9 Copyright 2021 VCP Stamm Klaus St\u00f6rtebeker Finkenwerder. Alle Rechte vorbehalten. Die in der Webseite des Stammes Klaus St\u00f6rtebeker Finkenwerder verwendeten Texte, Bilder, Grafiken, Ton-, Video- und Animationsdateien unterliegen dem Urheberrecht und anderen Gesetzen zum Schutz des geistigen Eigentums. Ihre Weitergabe, Ver\u00e4nderung, gewerbliche Nutzung oder Verwendung auf anderen Webseiten ist untersagt. F\u00fcr nicht kommerzielle Zwecke geben wir Ihnen gerne die Nutzungsberechtigung, bitte sprechen Sie uns an. Einige Seiten enthalten Bilder, deren Rechte von Dritten nur zur Nutzung in dieser Webseite erworben wurden.<\/p>\n\n\n\n<h3>Kalender.digital<\/h3>\n\n<p>Unsere Webseite verwendet die Online Kalender Anwendung <a href=\"https:\/\/kalender.digital\" target=\"_blank\" rel=\"noopener\">Kalender.digital<\/a>, um Sie \u00fcber unsere anstehenden Termine zu informieren.<\/p>\n\n<p>Bei der Nutzung von Kalender.digital werden Informationen \u00fcber die Nutzung unserer Internetseite einschlie\u00dflich Ihrer anonymisierten IP-Adresse und die von Ihnen bei Kalender.digital eingegeben Daten auf dem Kalender.digital Server gespeichert.<\/p>\n\n<p>Sie k\u00f6nnen eine solche Daten\u00fcbertragung jedoch verhindern, wenn Sie in Ihrem Browser &#8222;Javascript&#8220; deaktivieren. In dem Falle k\u00f6nnen jedoch keine Termine angezeigt werden.<\/p>\n\n<p>Weitere Informationen dar\u00fcber wie Kalender.digital Ihre Daten verwendet finden Sie unter: <a href=\"https:\/\/kalender.digital\/privacy\" target=\"_blank\" rel=\"noopener\">https:\/\/kalender.digital\/privacy<\/a><\/p>\n\n<p>Rechtsgrundlage ist Artikel 6 Absatz 1 Satz 1 f) Datenschutzgrundverordnung, denn die Verarbeitung der Daten dient der Wahrung unseres berechtigten Interesses an der Verbesserung der Nutzererfahrung sowie der Bewerbung und Darstellung unserer Leistungen.<\/p>\n","protected":false},"excerpt":{"rendered":"<p>Rechtliche Hinweise Alle in unseren Internetseiten enthaltenen Informationen und Angaben wurden vom Stamm Klaus St\u00f6rtebeker Finkenwerder oder Dritten sorgf\u00e4ltig recherchiert und gepr\u00fcft. F\u00fcr Richtigkeit, Vollst\u00e4ndigkeit und Aktualit\u00e4t \u00fcbernehmen jedoch weder der Stamm Klaus St\u00f6rtebeker Finkenwerder noch entsprechende Dritte die Gew\u00e4hr. Die Internetseite vom Stamm Klaus St\u00f6rtebeker Finkenwerder kann ohne unser Wissen von einer anderen Webseite &hellip; <\/p>\n<p class=\"link-more\"><a href=\"http:\/\/vcp-finkenwerder.de\/?page_id=98\" class=\"more-link\"><span class=\"screen-reader-text\">\u201eImpressum &#038; DSGVO\u201c<\/span> weiterlesen<\/a><\/p>\n","protected":false},"author":1,"featured_media":0,"parent":0,"menu_order":0,"comment_status":"closed","ping_status":"closed","template":"","meta":{"footnotes":""},"class_list":["post-98","page","type-page","status-publish","hentry"],"_links":{"self":[{"href":"http:\/\/vcp-finkenwerder.de\/index.php?rest_route=\/wp\/v2\/pages\/98","targetHints":{"allow":["GET"]}}],"collection":[{"href":"http:\/\/vcp-finkenwerder.de\/index.php?rest_route=\/wp\/v2\/pages"}],"about":[{"href":"http:\/\/vcp-finkenwerder.de\/index.php?rest_route=\/wp\/v2\/types\/page"}],"author":[{"embeddable":true,"href":"http:\/\/vcp-finkenwerder.de\/index.php?rest_route=\/wp\/v2\/users\/1"}],"replies":[{"embeddable":true,"href":"http:\/\/vcp-finkenwerder.de\/index.php?rest_route=%2Fwp%2Fv2%2Fcomments&post=98"}],"version-history":[{"count":6,"href":"http:\/\/vcp-finkenwerder.de\/index.php?rest_route=\/wp\/v2\/pages\/98\/revisions"}],"predecessor-version":[{"id":171,"href":"http:\/\/vcp-finkenwerder.de\/index.php?rest_route=\/wp\/v2\/pages\/98\/revisions\/171"}],"wp:attachment":[{"href":"http:\/\/vcp-finkenwerder.de\/index.php?rest_route=%2Fwp%2Fv2%2Fmedia&parent=98"}],"curies":[{"name":"wp","href":"https:\/\/api.w.org\/{rel}","templated":true}]}}